{"id":1161,"date":"2025-10-02T12:28:30","date_gmt":"2025-10-02T15:28:30","guid":{"rendered":"https:\/\/kunaverso.com\/?page_id=1161"},"modified":"2025-10-13T16:17:40","modified_gmt":"2025-10-13T19:17:40","slug":"nous","status":"publish","type":"page","link":"https:\/\/kunaverso.com\/fr\/nous\/","title":{"rendered":"\u00c0 PROPOS"},"content":{"rendered":"<div data-elementor-type=\"wp-page\" data-elementor-id=\"1161\" class=\"elementor elementor-1161\" data-elementor-post-type=\"page\">\n\t\t\t\t<div class=\"elementor-element elementor-element-dc08636 header-blur e-con-full e-flex e-con e-parent\" data-id=\"dc08636\" data-element_type=\"container\" data-e-type=\"container\" data-settings=\"{&quot;motion_fx_motion_fx_scrolling&quot;:&quot;yes&quot;,&quot;sticky&quot;:&quot;top&quot;,&quot;motion_fx_devices&quot;:[&quot;desktop&quot;,&quot;tablet&quot;,&quot;mobile&quot;],&quot;sticky_on&quot;:[&quot;desktop&quot;,&quot;tablet&quot;,&quot;mobile&quot;],&quot;sticky_offset&quot;:0,&quot;sticky_effects_offset&quot;:0,&quot;sticky_anchor_link_offset&quot;:0}\">\n\t\t<div class=\"elementor-element elementor-element-5c3443d e-con-full e-flex e-con e-child\" data-id=\"5c3443d\" data-element_type=\"container\" data-e-type=\"container\">\n\t\t\t\t<div class=\"elementor-element elementor-element-5f3c6fb elementor-widget elementor-widget-image\" data-id=\"5f3c6fb\" data-element_type=\"widget\" data-e-type=\"widget\" data-widget_type=\"image.default\">\n\t\t\t\t\t\t\t\t\t\t\t\t\t\t\t<img fetchpriority=\"high\" decoding=\"async\" width=\"800\" height=\"81\" src=\"https:\/\/kunaverso.com\/wp-content\/uploads\/2025\/09\/logo-1-1024x104.png\" class=\"attachment-large size-large wp-image-208\" alt=\"\" srcset=\"https:\/\/kunaverso.com\/wp-content\/uploads\/2025\/09\/logo-1-1024x104.png 1024w, https:\/\/kunaverso.com\/wp-content\/uploads\/2025\/09\/logo-1-300x31.png 300w, https:\/\/kunaverso.com\/wp-content\/uploads\/2025\/09\/logo-1-768x78.png 768w, https:\/\/kunaverso.com\/wp-content\/uploads\/2025\/09\/logo-1.png 1275w\" sizes=\"(max-width: 800px) 100vw, 800px\" \/>\t\t\t\t\t\t\t\t\t\t\t\t\t\t\t<\/div>\n\t\t\t\t<\/div>\n\t\t<div class=\"elementor-element elementor-element-d5caada e-con-full e-flex e-con e-child\" data-id=\"d5caada\" data-element_type=\"container\" data-e-type=\"container\">\n\t\t\t\t<div class=\"elementor-element elementor-element-e3fc0ad elementor-nav-menu__align-end elementor-nav-menu--dropdown-mobile elementor-nav-menu--stretch elementor-nav-menu__text-align-center elementor-nav-menu--toggle elementor-nav-menu--burger elementor-widget elementor-widget-nav-menu\" data-id=\"e3fc0ad\" data-element_type=\"widget\" data-e-type=\"widget\" data-settings=\"{&quot;full_width&quot;:&quot;stretch&quot;,&quot;layout&quot;:&quot;horizontal&quot;,&quot;submenu_icon&quot;:{&quot;value&quot;:&quot;&lt;svg aria-hidden=\\&quot;true\\&quot; class=\\&quot;e-font-icon-svg e-fas-caret-down\\&quot; viewBox=\\&quot;0 0 320 512\\&quot; xmlns=\\&quot;http:\\\/\\\/www.w3.org\\\/2000\\\/svg\\&quot;&gt;&lt;path d=\\&quot;M31.3 192h257.3c17.8 0 26.7 21.5 14.1 34.1L174.1 354.8c-7.8 7.8-20.5 7.8-28.3 0L17.2 226.1C4.6 213.5 13.5 192 31.3 192z\\&quot;&gt;&lt;\\\/path&gt;&lt;\\\/svg&gt;&quot;,&quot;library&quot;:&quot;fa-solid&quot;},&quot;toggle&quot;:&quot;burger&quot;}\" data-widget_type=\"nav-menu.default\">\n\t\t\t\t\t\t\t\t<nav aria-label=\"Menu\" class=\"elementor-nav-menu--main elementor-nav-menu__container elementor-nav-menu--layout-horizontal e--pointer-none\">\n\t\t\t\t<ul id=\"menu-1-e3fc0ad\" class=\"elementor-nav-menu\"><li class=\"menu-item menu-item-type-post_type menu-item-object-page menu-item-home menu-item-1236\"><a href=\"https:\/\/kunaverso.com\/fr\" class=\"elementor-item\">ACCUEIL<\/a><\/li>\n<li class=\"menu-item menu-item-type-post_type menu-item-object-page menu-item-1166\"><a href=\"https:\/\/kunaverso.com\/fr\/nous\/\" class=\"elementor-item\">\u00c0 PROPOS<\/a><\/li>\n<li class=\"menu-item menu-item-type-post_type menu-item-object-page menu-item-1287\"><a href=\"https:\/\/kunaverso.com\/fr\/gemelodigital\/\" class=\"elementor-item\">JUMEAU NUM\u00c9RIQUE<\/a><\/li>\n<li class=\"menu-item menu-item-type-post_type menu-item-object-page menu-item-2052\"><a href=\"https:\/\/kunaverso.com\/fr\/blog\/\" class=\"elementor-item\">Blog<\/a><\/li>\n<\/ul>\t\t\t<\/nav>\n\t\t\t\t\t<div class=\"elementor-menu-toggle\" role=\"button\" tabindex=\"0\" aria-label=\"Permuter le menu\" aria-expanded=\"false\">\n\t\t\t<svg aria-hidden=\"true\" role=\"presentation\" class=\"elementor-menu-toggle__icon--open e-font-icon-svg e-eicon-menu-bar\" viewbox=\"0 0 1000 1000\" xmlns=\"http:\/\/www.w3.org\/2000\/svg\"><path d=\"M104 333H896C929 333 958 304 958 271S929 208 896 208H104C71 208 42 237 42 271S71 333 104 333ZM104 583H896C929 583 958 554 958 521S929 458 896 458H104C71 458 42 487 42 521S71 583 104 583ZM104 833H896C929 833 958 804 958 771S929 708 896 708H104C71 708 42 737 42 771S71 833 104 833Z\"><\/path><\/svg><svg aria-hidden=\"true\" role=\"presentation\" class=\"elementor-menu-toggle__icon--close e-font-icon-svg e-eicon-close\" viewbox=\"0 0 1000 1000\" xmlns=\"http:\/\/www.w3.org\/2000\/svg\"><path d=\"M742 167L500 408 258 167C246 154 233 150 217 150 196 150 179 158 167 167 154 179 150 196 150 212 150 229 154 242 171 254L408 500 167 742C138 771 138 800 167 829 196 858 225 858 254 829L496 587 738 829C750 842 767 846 783 846 800 846 817 842 829 829 842 817 846 804 846 783 846 767 842 750 829 737L588 500 833 258C863 229 863 200 833 171 804 137 775 137 742 167Z\"><\/path><\/svg>\t\t<\/div>\n\t\t\t\t\t<nav class=\"elementor-nav-menu--dropdown elementor-nav-menu__container\" aria-hidden=\"true\">\n\t\t\t\t<ul id=\"menu-2-e3fc0ad\" class=\"elementor-nav-menu\"><li class=\"menu-item menu-item-type-post_type menu-item-object-page menu-item-home menu-item-1236\"><a href=\"https:\/\/kunaverso.com\/fr\" class=\"elementor-item\" tabindex=\"-1\">ACCUEIL<\/a><\/li>\n<li class=\"menu-item menu-item-type-post_type menu-item-object-page menu-item-1166\"><a href=\"https:\/\/kunaverso.com\/fr\/nous\/\" class=\"elementor-item\" tabindex=\"-1\">\u00c0 PROPOS<\/a><\/li>\n<li class=\"menu-item menu-item-type-post_type menu-item-object-page menu-item-1287\"><a href=\"https:\/\/kunaverso.com\/fr\/gemelodigital\/\" class=\"elementor-item\" tabindex=\"-1\">JUMEAU NUM\u00c9RIQUE<\/a><\/li>\n<li class=\"menu-item menu-item-type-post_type menu-item-object-page menu-item-2052\"><a href=\"https:\/\/kunaverso.com\/fr\/blog\/\" class=\"elementor-item\" tabindex=\"-1\">Blog<\/a><\/li>\n<\/ul>\t\t\t<\/nav>\n\t\t\t\t\t\t<\/div>\n\t\t\t\t<\/div>\n\t\t<div class=\"elementor-element elementor-element-d93267d e-con-full e-flex e-con e-child\" data-id=\"d93267d\" data-element_type=\"container\" data-e-type=\"container\">\n\t\t\t\t<div class=\"elementor-element elementor-element-c2557df elementor-align-right elementor-tablet-align-left elementor-widget elementor-widget-button\" data-id=\"c2557df\" data-element_type=\"widget\" data-e-type=\"widget\" data-widget_type=\"button.default\">\n\t\t\t\t\t\t\t\t\t\t<a class=\"elementor-button elementor-button-link elementor-size-sm\" href=\"#elementor-action%3Aaction%3Dpopup%3Aopen%26settings%3DeyJpZCI6IjEzMTYiLCJ0b2dnbGUiOmZhbHNlfQ%3D%3D\">\n\t\t\t\t\t\t<span class=\"elementor-button-content-wrapper\">\n\t\t\t\t\t\t\t\t\t<span class=\"elementor-button-text\">CONTACT<\/span>\n\t\t\t\t\t<\/span>\n\t\t\t\t\t<\/a>\n\t\t\t\t\t\t\t\t<\/div>\n\t\t\t\t<\/div>\n\t\t\t\t<\/div>\n\t\t<div class=\"elementor-element elementor-element-37229175 e-con-full e-flex e-con e-parent\" data-id=\"37229175\" data-element_type=\"container\" data-e-type=\"container\" data-settings=\"{&quot;background_background&quot;:&quot;classic&quot;}\">\n\t\t<div class=\"elementor-element elementor-element-76e7e9d7 e-flex e-con-boxed e-con e-child\" data-id=\"76e7e9d7\" data-element_type=\"container\" data-e-type=\"container\">\n\t\t\t\t\t<div class=\"e-con-inner\">\n\t\t\t\t<div class=\"elementor-element elementor-element-45594331 elementor-widget elementor-widget-heading\" data-id=\"45594331\" data-element_type=\"widget\" data-e-type=\"widget\" data-widget_type=\"heading.default\">\n\t\t\t\t\t<h2 class=\"elementor-heading-title elementor-size-default\">Transformer la r\u00e9alit\u00e9<br>  gr\u00e2ce au jumeau num\u00e9rique.<\/h2>\t\t\t\t<\/div>\n\t\t\t\t<div class=\"elementor-element elementor-element-5e86d756 elementor-widget-divider--view-line_text elementor-widget-divider--element-align-right elementor-widget elementor-widget-divider\" data-id=\"5e86d756\" data-element_type=\"widget\" data-e-type=\"widget\" data-widget_type=\"divider.default\">\n\t\t\t\t\t\t\t<div class=\"elementor-divider\">\n\t\t\t<span class=\"elementor-divider-separator\">\n\t\t\t\t\t\t\t<span class=\"elementor-divider__text elementor-divider__element\">\n\t\t\t\tKunaverso\t\t\t\t<\/span>\n\t\t\t\t\t\t<\/span>\n\t\t<\/div>\n\t\t\t\t\t\t<\/div>\n\t\t\t\t\t<\/div>\n\t\t\t\t<\/div>\n\t\t\t\t<\/div>\n\t\t<div class=\"elementor-element elementor-element-1c463fc e-con-full e-flex e-con e-parent\" data-id=\"1c463fc\" data-element_type=\"container\" data-e-type=\"container\" data-settings=\"{&quot;background_background&quot;:&quot;classic&quot;}\">\n\t\t<div class=\"elementor-element elementor-element-8f925af header-blur2 e-flex e-con-boxed e-con e-child\" data-id=\"8f925af\" data-element_type=\"container\" data-e-type=\"container\">\n\t\t\t\t\t<div class=\"e-con-inner\">\n\t\t<div class=\"elementor-element elementor-element-bdbf365 e-con-full e-flex e-con e-child\" data-id=\"bdbf365\" data-element_type=\"container\" data-e-type=\"container\">\n\t\t<div class=\"elementor-element elementor-element-3e0fcc1 e-con-full e-flex e-con e-child\" data-id=\"3e0fcc1\" data-element_type=\"container\" data-e-type=\"container\" data-settings=\"{&quot;animation&quot;:&quot;none&quot;}\">\n\t\t\t\t<div class=\"elementor-element elementor-element-779c45e elementor-widget elementor-widget-heading\" data-id=\"779c45e\" data-element_type=\"widget\" data-e-type=\"widget\" data-widget_type=\"heading.default\">\n\t\t\t\t\t<h2 class=\"elementor-heading-title elementor-size-default\">\u00c0 PROPOS<\/h2>\t\t\t\t<\/div>\n\t\t\t\t<div class=\"elementor-element elementor-element-fbb2eb6 elementor-widget__width-initial elementor-widget-tablet__width-initial elementor-widget elementor-widget-text-editor\" data-id=\"fbb2eb6\" data-element_type=\"widget\" data-e-type=\"widget\" data-settings=\"{&quot;_animation&quot;:&quot;none&quot;}\" data-widget_type=\"text-editor.default\">\n\t\t\t\t\t\t\t\t\t<p>Notre plateforme SaaS transforme toute base de donn\u00e9es \u2014 d\u2019un simple fichier Excel \u00e0 des syst\u00e8mes complexes via API \u2014 en un jumeau num\u00e9rique 3D connect\u00e9 en temps r\u00e9el. En quelques minutes, votre territoire prend vie dans un environnement visuel et interactif o\u00f9 les donn\u00e9es s\u2019int\u00e8grent et se mettent \u00e0 jour automatiquement. <strong>gemelo digital en 3D<\/strong> conectado en tiempo real. En cuesti\u00f3n de minutos, tu territorio cobra vida en un entorno visual e interactivo donde los datos se integran y se actualizan de forma autom\u00e1tica.<\/p><p>Elle fonctionne en mode no-code, avec des mod\u00e8les intelligents permettant de configurer des indicateurs et des tableaux de bord sans connaissances techniques. La plateforme reconna\u00eet et organise les informations cl\u00e9s \u2014 mobilit\u00e9, flux de visiteurs, capacit\u00e9, durabilit\u00e9, commerce ou tourisme \u2014 et les projette directement dans le jumeau num\u00e9rique.<\/p><p>Ainsi, toute destination, ville ou institution peut g\u00e9rer son territoire avec la m\u00eame technologie utilis\u00e9e par les grandes m\u00e9tropoles mondiales, mais de mani\u00e8re plus accessible, agile et abordable.<\/p>\t\t\t\t\t\t\t\t<\/div>\n\t\t<div class=\"elementor-element elementor-element-c565a49 e-con-full elementor-hidden-desktop elementor-hidden-tablet elementor-hidden-mobile e-flex e-con e-child\" data-id=\"c565a49\" data-element_type=\"container\" data-e-type=\"container\">\n\t\t<div class=\"elementor-element elementor-element-9ef4854 e-con-full e-flex e-con e-child\" data-id=\"9ef4854\" data-element_type=\"container\" data-e-type=\"container\">\n\t\t\t\t<div class=\"elementor-element elementor-element-419a0a3 elementor-widget__width-auto elementor-widget elementor-widget-button\" data-id=\"419a0a3\" data-element_type=\"widget\" data-e-type=\"widget\" data-widget_type=\"button.default\">\n\t\t\t\t\t\t\t\t\t\t<a class=\"elementor-button elementor-size-sm\" role=\"button\">\n\t\t\t\t\t\t<span class=\"elementor-button-content-wrapper\">\n\t\t\t\t\t\t\t\t\t<span class=\"elementor-button-text\">accesible<\/span>\n\t\t\t\t\t<\/span>\n\t\t\t\t\t<\/a>\n\t\t\t\t\t\t\t\t<\/div>\n\t\t\t\t<div class=\"elementor-element elementor-element-8faac6a elementor-widget__width-auto elementor-widget elementor-widget-button\" data-id=\"8faac6a\" data-element_type=\"widget\" data-e-type=\"widget\" data-widget_type=\"button.default\">\n\t\t\t\t\t\t\t\t\t\t<a class=\"elementor-button elementor-size-sm\" role=\"button\">\n\t\t\t\t\t\t<span class=\"elementor-button-content-wrapper\">\n\t\t\t\t\t\t\t\t\t<span class=\"elementor-button-text\">r\u00e1pida<\/span>\n\t\t\t\t\t<\/span>\n\t\t\t\t\t<\/a>\n\t\t\t\t\t\t\t\t<\/div>\n\t\t\t\t<div class=\"elementor-element elementor-element-8a85f88 elementor-widget__width-auto elementor-widget elementor-widget-button\" data-id=\"8a85f88\" data-element_type=\"widget\" data-e-type=\"widget\" data-widget_type=\"button.default\">\n\t\t\t\t\t\t\t\t\t\t<a class=\"elementor-button elementor-size-sm\" role=\"button\">\n\t\t\t\t\t\t<span class=\"elementor-button-content-wrapper\">\n\t\t\t\t\t\t\t\t\t<span class=\"elementor-button-text\"> asequible<\/span>\n\t\t\t\t\t<\/span>\n\t\t\t\t\t<\/a>\n\t\t\t\t\t\t\t\t<\/div>\n\t\t\t\t<\/div>\n\t\t\t\t<\/div>\n\t\t\t\t<\/div>\n\t\t<div class=\"elementor-element elementor-element-d22e51a e-con-full e-flex e-con e-child\" data-id=\"d22e51a\" data-element_type=\"container\" data-e-type=\"container\">\n\t\t\t\t<div class=\"elementor-element elementor-element-2f3820e elementor-widget elementor-widget-image\" data-id=\"2f3820e\" data-element_type=\"widget\" data-e-type=\"widget\" data-widget_type=\"image.default\">\n\t\t\t\t\t\t\t\t\t\t\t\t\t\t\t<img decoding=\"async\" width=\"800\" height=\"383\" src=\"https:\/\/kunaverso.com\/wp-content\/uploads\/2025\/09\/07-1024x490.jpg\" class=\"attachment-large size-large wp-image-436\" alt=\"\" srcset=\"https:\/\/kunaverso.com\/wp-content\/uploads\/2025\/09\/07-1024x490.jpg 1024w, https:\/\/kunaverso.com\/wp-content\/uploads\/2025\/09\/07-300x144.jpg 300w, https:\/\/kunaverso.com\/wp-content\/uploads\/2025\/09\/07-768x367.jpg 768w, https:\/\/kunaverso.com\/wp-content\/uploads\/2025\/09\/07-1536x735.jpg 1536w, https:\/\/kunaverso.com\/wp-content\/uploads\/2025\/09\/07.jpg 1940w\" sizes=\"(max-width: 800px) 100vw, 800px\" \/>\t\t\t\t\t\t\t\t\t\t\t\t\t\t\t<\/div>\n\t\t\t\t<\/div>\n\t\t\t\t<\/div>\n\t\t<div class=\"elementor-element elementor-element-f43d6c5 e-con-full e-flex e-con e-child\" data-id=\"f43d6c5\" data-element_type=\"container\" data-e-type=\"container\">\n\t\t\t\t<div class=\"elementor-element elementor-element-d7e3ba2 elementor-widget__width-initial elementor-widget-tablet__width-initial elementor-widget elementor-widget-text-editor\" data-id=\"d7e3ba2\" data-element_type=\"widget\" data-e-type=\"widget\" data-settings=\"{&quot;_animation&quot;:&quot;none&quot;}\" data-widget_type=\"text-editor.default\">\n\t\t\t\t\t\t\t\t\t<p>Kunaverso est un projet n\u00e9 au sein de Kunapak, une entreprise avec plus de 10 ans d\u2019exp\u00e9rience dans le secteur du tourisme et la gestion des destinations. Au cours de cette trajectoire, Kunapak a travaill\u00e9 avec des villes, des offices de tourisme, des institutions publiques et des acteurs priv\u00e9s, en relevant des d\u00e9fis tels que la gestion des flux de visiteurs, la mobilit\u00e9, la durabilit\u00e9 et la valorisation du patrimoine culturel et naturel.<\/p><p>De cette exp\u00e9rience na\u00eet la n\u00e9cessit\u00e9 d\u2019aller plus loin : les destinations ont aujourd\u2019hui besoin de solutions num\u00e9riques capables d\u2019int\u00e9grer les donn\u00e9es, de g\u00e9n\u00e9rer de la connaissance et de communiquer leur identit\u00e9 de mani\u00e8re innovante. Kunaverso a \u00e9t\u00e9 cr\u00e9\u00e9 pr\u00e9cis\u00e9ment pour r\u00e9pondre \u00e0 ces nouvelles exigences, en transformant l\u2019information en jumeaux num\u00e9riques 3D interactifs et en temps r\u00e9el.<\/p><p>Gr\u00e2ce \u00e0 Kunaverso, les territoires peuvent :<\/p>\t\t\t\t\t\t\t\t<\/div>\n\t\t<div class=\"elementor-element elementor-element-fc68d39 e-con-full e-flex e-con e-child\" data-id=\"fc68d39\" data-element_type=\"container\" data-e-type=\"container\">\n\t\t<div class=\"elementor-element elementor-element-d89d3d5 e-con-full e-flex e-con e-child\" data-id=\"d89d3d5\" data-element_type=\"container\" data-e-type=\"container\">\n\t\t\t\t<div class=\"elementor-element elementor-element-11eadd8 elementor-widget elementor-widget-image\" data-id=\"11eadd8\" data-element_type=\"widget\" data-e-type=\"widget\" data-widget_type=\"image.default\">\n\t\t\t\t\t\t\t\t\t\t\t\t\t\t\t<img decoding=\"async\" width=\"800\" height=\"534\" src=\"https:\/\/kunaverso.com\/wp-content\/uploads\/2025\/10\/00.png\" class=\"attachment-large size-large wp-image-1518\" alt=\"\" srcset=\"https:\/\/kunaverso.com\/wp-content\/uploads\/2025\/10\/00.png 1000w, https:\/\/kunaverso.com\/wp-content\/uploads\/2025\/10\/00-300x200.png 300w, https:\/\/kunaverso.com\/wp-content\/uploads\/2025\/10\/00-768x512.png 768w\" sizes=\"(max-width: 800px) 100vw, 800px\" \/>\t\t\t\t\t\t\t\t\t\t\t\t\t\t\t<\/div>\n\t\t\t\t<div class=\"elementor-element elementor-element-ab7ec24 elementor-widget__width-initial elementor-widget-tablet__width-initial elementor-widget elementor-widget-text-editor\" data-id=\"ab7ec24\" data-element_type=\"widget\" data-e-type=\"widget\" data-settings=\"{&quot;_animation&quot;:&quot;none&quot;}\" data-widget_type=\"text-editor.default\">\n\t\t\t\t\t\t\t\t\t<p>Optimiser la gestion des ressources touristiques et territoriales.<\/p>\t\t\t\t\t\t\t\t<\/div>\n\t\t\t\t<\/div>\n\t\t<div class=\"elementor-element elementor-element-73129ef e-con-full e-flex e-con e-child\" data-id=\"73129ef\" data-element_type=\"container\" data-e-type=\"container\">\n\t\t\t\t<div class=\"elementor-element elementor-element-1a27318 elementor-widget elementor-widget-image\" data-id=\"1a27318\" data-element_type=\"widget\" data-e-type=\"widget\" data-widget_type=\"image.default\">\n\t\t\t\t\t\t\t\t\t\t\t\t\t\t\t<img loading=\"lazy\" decoding=\"async\" width=\"800\" height=\"534\" src=\"https:\/\/kunaverso.com\/wp-content\/uploads\/2025\/10\/01.png\" class=\"attachment-large size-large wp-image-1522\" alt=\"\" srcset=\"https:\/\/kunaverso.com\/wp-content\/uploads\/2025\/10\/01.png 1000w, https:\/\/kunaverso.com\/wp-content\/uploads\/2025\/10\/01-300x200.png 300w, https:\/\/kunaverso.com\/wp-content\/uploads\/2025\/10\/01-768x512.png 768w\" sizes=\"(max-width: 800px) 100vw, 800px\" \/>\t\t\t\t\t\t\t\t\t\t\t\t\t\t\t<\/div>\n\t\t\t\t<div class=\"elementor-element elementor-element-dd75396 elementor-widget__width-initial elementor-widget-tablet__width-initial elementor-widget elementor-widget-text-editor\" data-id=\"dd75396\" data-element_type=\"widget\" data-e-type=\"widget\" data-settings=\"{&quot;_animation&quot;:&quot;none&quot;}\" data-widget_type=\"text-editor.default\">\n\t\t\t\t\t\t\t\t\t<p>Projeter l\u2019identit\u00e9 de la destination de mani\u00e8re claire, moderne et accessible.<\/p>\t\t\t\t\t\t\t\t<\/div>\n\t\t\t\t<\/div>\n\t\t<div class=\"elementor-element elementor-element-3f381b3 e-con-full e-flex e-con e-child\" data-id=\"3f381b3\" data-element_type=\"container\" data-e-type=\"container\">\n\t\t\t\t<div class=\"elementor-element elementor-element-bf11567 elementor-widget elementor-widget-image\" data-id=\"bf11567\" data-element_type=\"widget\" data-e-type=\"widget\" data-widget_type=\"image.default\">\n\t\t\t\t\t\t\t\t\t\t\t\t\t\t\t<img loading=\"lazy\" decoding=\"async\" width=\"800\" height=\"534\" src=\"https:\/\/kunaverso.com\/wp-content\/uploads\/2025\/10\/02.png\" class=\"attachment-large size-large wp-image-1526\" alt=\"\" srcset=\"https:\/\/kunaverso.com\/wp-content\/uploads\/2025\/10\/02.png 1000w, https:\/\/kunaverso.com\/wp-content\/uploads\/2025\/10\/02-300x200.png 300w, https:\/\/kunaverso.com\/wp-content\/uploads\/2025\/10\/02-768x512.png 768w\" sizes=\"(max-width: 800px) 100vw, 800px\" \/>\t\t\t\t\t\t\t\t\t\t\t\t\t\t\t<\/div>\n\t\t\t\t<div class=\"elementor-element elementor-element-9bfb703 elementor-widget__width-initial elementor-widget-tablet__width-initial elementor-widget elementor-widget-text-editor\" data-id=\"9bfb703\" data-element_type=\"widget\" data-e-type=\"widget\" data-settings=\"{&quot;_animation&quot;:&quot;none&quot;}\" data-widget_type=\"text-editor.default\">\n\t\t\t\t\t\t\t\t\t<p>Favoriser la collaboration entre administrations, communaut\u00e9s et entreprises locales.<\/p>\t\t\t\t\t\t\t\t<\/div>\n\t\t\t\t<\/div>\n\t\t\t\t<\/div>\n\t\t\t\t<div class=\"elementor-element elementor-element-89abd71 elementor-widget__width-initial elementor-widget-tablet__width-initial elementor-widget elementor-widget-text-editor\" data-id=\"89abd71\" data-element_type=\"widget\" data-e-type=\"widget\" data-settings=\"{&quot;_animation&quot;:&quot;none&quot;}\" data-widget_type=\"text-editor.default\">\n\t\t\t\t\t\t\t\t\t<p>En d\u00e9finitive, <a href=\"https:\/\/kunapak.com\/\"><strong><span style=\"color: #ffffff;\">Kunapak<\/span><\/strong><\/a> apporte plus d\u2019une d\u00e9cennie d\u2019exp\u00e9rience accumul\u00e9e, et Kunaverso repr\u00e9sente l\u2019innovation n\u00e9cessaire pour relever les d\u00e9fis des destinations touristiques intelligentes. Ensemble, ils constituent une proposition de valeur unique combinant expertise, strat\u00e9gie et technologie de pointe au service des territoires.<\/p>\t\t\t\t\t\t\t\t<\/div>\n\t\t\t\t<\/div>\n\t\t\t\t\t<\/div>\n\t\t\t\t<\/div>\n\t\t\t\t<\/div>\n\t\t<div class=\"elementor-element elementor-element-46ebd7cc e-con-full e-flex e-con e-parent\" data-id=\"46ebd7cc\" data-element_type=\"container\" data-e-type=\"container\" data-settings=\"{&quot;background_background&quot;:&quot;classic&quot;}\">\n\t\t<div class=\"elementor-element elementor-element-50e99275 e-con-full elementor-hidden-desktop elementor-hidden-tablet elementor-hidden-mobile e-flex e-con e-child\" data-id=\"50e99275\" data-element_type=\"container\" data-e-type=\"container\">\n\t\t\t\t<div class=\"elementor-element elementor-element-5199e99c elementor-widget-tablet__width-initial elementor-widget__width-inherit elementor-widget elementor-widget-heading\" data-id=\"5199e99c\" data-element_type=\"widget\" data-e-type=\"widget\" data-widget_type=\"heading.default\">\n\t\t\t\t\t<h3 class=\"elementor-heading-title elementor-size-default\">Boxing Edge House\n<\/h3>\t\t\t\t<\/div>\n\t\t\t\t<div class=\"elementor-element elementor-element-1b767107 elementor-widget__width-initial elementor-widget elementor-widget-text-editor\" data-id=\"1b767107\" data-element_type=\"widget\" data-e-type=\"widget\" data-settings=\"{&quot;_animation&quot;:&quot;none&quot;}\" data-widget_type=\"text-editor.default\">\n\t\t\t\t\t\t\t\t\t<article class=\"w-full text-token-text-primary\" dir=\"auto\" data-testid=\"conversation-turn-4\" data-scroll-anchor=\"true\"><div class=\"text-base my-auto mx-auto py-5 px-6\"><div class=\"mx-auto flex flex-1 text-base gap-4 md:gap-5 lg:gap-6 md:max-w-3xl lg:max-w-[40rem] xl:max-w-[48rem] group\/turn-messages focus-visible:outline-none\" tabindex=\"-1\"><div class=\"group\/conversation-turn relative flex w-full min-w-0 flex-col agent-turn @xs\/thread:px-0 @sm\/thread:px-1.5 @md\/thread:px-4\"><div class=\"relative flex-col gap-1 md:gap-3\"><div class=\"flex max-w-full flex-col flex-grow\"><div class=\"min-h-8 text-message relative flex w-full flex-col items-end gap-2 whitespace-normal break-words text-start [.text-message+&amp;]:mt-5\" dir=\"auto\" data-message-author-role=\"assistant\" data-message-id=\"60805555-e099-40e1-ac75-9dc0eadf1746\" data-message-model-slug=\"gpt-4o\"><div class=\"flex w-full flex-col gap-1 empty:hidden first:pt-[3px]\"><div class=\"markdown prose w-full break-words dark:prose-invert dark\"><p class=\"\" data-start=\"0\" data-end=\"184\">A striking modern structure defined by bold red panels and clean vertical lines. The curved glass corner adds lightness and elegance to the sharp, sculptural form.<\/p><\/div><\/div><\/div><\/div><\/div><\/div><\/div><\/div><\/article>\t\t\t\t\t\t\t\t<\/div>\n\t\t<div class=\"elementor-element elementor-element-60beb9dc e-con-full e-flex e-con e-child\" data-id=\"60beb9dc\" data-element_type=\"container\" data-e-type=\"container\" data-settings=\"{&quot;animation&quot;:&quot;none&quot;,&quot;animation_delay&quot;:300,&quot;animation_mobile&quot;:&quot;none&quot;}\">\n\t\t\t\t<div class=\"elementor-element elementor-element-590ae5b6 elementor-align-left elementor-widget elementor-widget-button\" data-id=\"590ae5b6\" data-element_type=\"widget\" data-e-type=\"widget\" data-widget_type=\"button.default\">\n\t\t\t\t\t\t\t\t\t\t<a class=\"elementor-button elementor-size-sm\" role=\"button\">\n\t\t\t\t\t\t<span class=\"elementor-button-content-wrapper\">\n\t\t\t\t\t\t<span class=\"elementor-button-icon\">\n\t\t\t\t<i aria-hidden=\"true\" class=\"arrow_right-up\"><\/i>\t\t\t<\/span>\n\t\t\t\t\t\t\t\t\t<span class=\"elementor-button-text\">EXPLORE SOLUTIONS<\/span>\n\t\t\t\t\t<\/span>\n\t\t\t\t\t<\/a>\n\t\t\t\t\t\t\t\t<\/div>\n\t\t\t\t<div class=\"elementor-element elementor-element-5a119b37 elementor-align-left elementor-widget elementor-widget-button\" data-id=\"5a119b37\" data-element_type=\"widget\" data-e-type=\"widget\" data-widget_type=\"button.default\">\n\t\t\t\t\t\t\t\t\t\t<a class=\"elementor-button elementor-button-link elementor-size-sm\" href=\"https:\/\/kunaverso.com\/fr\">\n\t\t\t\t\t\t<span class=\"elementor-button-content-wrapper\">\n\t\t\t\t\t\t\t\t\t<span class=\"elementor-button-text\">How?<\/span>\n\t\t\t\t\t<\/span>\n\t\t\t\t\t<\/a>\n\t\t\t\t\t\t\t\t<\/div>\n\t\t\t\t<\/div>\n\t\t\t\t<\/div>\n\t\t\t\t<\/div>\n\t\t\t\t<\/div>","protected":false},"excerpt":{"rendered":"<p>Contacto Transformando la realidad a trav\u00e9s de gemelo digital. Kunaverso Nosotros Nuestra plataforma SaaS transforma cualquier base de datos \u2014desde un sencillo Excel hasta sistemas complejos v\u00eda API\u2014 en un gemelo digital en 3D conectado en tiempo real. En cuesti\u00f3n de minutos, tu territorio cobra vida en un entorno visual e interactivo donde los datos [&hellip;]<\/p>","protected":false},"author":1,"featured_media":0,"parent":0,"menu_order":0,"comment_status":"closed","ping_status":"closed","template":"elementor_header_footer","meta":{"footnotes":""},"class_list":["post-1161","page","type-page","status-publish","hentry"],"_links":{"self":[{"href":"https:\/\/kunaverso.com\/fr\/wp-json\/wp\/v2\/pages\/1161","targetHints":{"allow":["GET"]}}],"collection":[{"href":"https:\/\/kunaverso.com\/fr\/wp-json\/wp\/v2\/pages"}],"about":[{"href":"https:\/\/kunaverso.com\/fr\/wp-json\/wp\/v2\/types\/page"}],"author":[{"embeddable":true,"href":"https:\/\/kunaverso.com\/fr\/wp-json\/wp\/v2\/users\/1"}],"replies":[{"embeddable":true,"href":"https:\/\/kunaverso.com\/fr\/wp-json\/wp\/v2\/comments?post=1161"}],"version-history":[{"count":120,"href":"https:\/\/kunaverso.com\/fr\/wp-json\/wp\/v2\/pages\/1161\/revisions"}],"predecessor-version":[{"id":1702,"href":"https:\/\/kunaverso.com\/fr\/wp-json\/wp\/v2\/pages\/1161\/revisions\/1702"}],"wp:attachment":[{"href":"https:\/\/kunaverso.com\/fr\/wp-json\/wp\/v2\/media?parent=1161"}],"curies":[{"name":"wp","href":"https:\/\/api.w.org\/{rel}","templated":true}]}}